{"id":212,"date":"2024-06-10T20:50:05","date_gmt":"2024-06-10T20:50:05","guid":{"rendered":"https:\/\/balons.key-digital.lv\/?post_type=product&#038;p=212"},"modified":"2025-09-11T07:52:23","modified_gmt":"2025-09-11T07:52:23","slug":"klasiskais-lidojums","status":"publish","type":"product","link":"https:\/\/gaisabalons.lv\/lv\/lidojumi\/klasiskais-lidojums\/","title":{"rendered":"Klasiskais lidojums"},"content":{"rendered":"<p>Ja gribi lidot, tad \u0161is ir Tev \u2013 sazinies ar pilotu, un kop\u0101 izlemsim, kur lidot, kad lidot un cikos lidot.<\/p>\n<p>Klasiskais lidojums noz\u012bm\u0113\u00a0ka pilots, atbilsto\u0161i Tevis izv\u0113l\u0113tajai pils\u0113tai,\u00a0sakomplekt\u0113s\u00a0lidot grib\u0113t\u0101ju grupu, un\u00a0pied\u0101v\u0101s laiku, kas b\u016bs \u0113rta katram no lidot\u0101jiem.<\/p>\n<p><strong>Cen\u0101 iek\u013cauts:<\/strong><\/p>\n<ul>\n<li>Lidojuma pl\u0101no\u0161ana, sazi\u0146a ar klientiem un gaisa balona nog\u0101d\u0101\u0161ana lidojuma starta viet\u0101;<\/li>\n<li>Pieredz\u0113jis pilots ar lidojumam un gaisa ku\u0123im atbilsto\u0161u kvalifik\u0101ciju un ties\u012bb\u0101m;<\/li>\n<li>Transports \u2013 klientu nog\u0101d\u0101\u0161ana no lidojuma beigu punkta atpaka\u013c l\u012bdz startam;<\/li>\n<li>Personaliz\u0113ts 1. lidojuma sertifik\u0101ts;<\/li>\n<li>Ritu\u0101ls &#8220;avi\u0101cijas dieviem&#8221;.<\/li>\n<\/ul>\n<p>&nbsp;<\/p>\n<p>Lidojuma cenu ietekm\u0113 izv\u0113l\u0113t\u0101 lidojuma lok\u0101cija un tas, vai lidojat darba dien\u0101 vai br\u012bvdien\u0101.<\/p>\n<p><em>Nor\u0101d\u012bt\u0101 cena ir par lidojumu vienai personai!<\/em><\/p>\n","protected":false},"excerpt":{"rendered":"<p>Ja v\u0113lies vienk\u0101r\u0161i lidot, tad \u0161is ir Tev \u2013 sazinies ar pilotu, un kop\u0101 izlemsim, kur lidot, kad lidot un cikos lidot.<\/p>\n","protected":false},"featured_media":71,"template":"","meta":{"_acf_changed":false,"iawp_total_views":6543},"product_brand":[],"product_cat":[19],"product_tag":[],"class_list":{"0":"post-212","1":"product","2":"type-product","3":"status-publish","4":"has-post-thumbnail","6":"product_cat-lidojumi-ar-gaisa-balonu","8":"first","9":"instock","10":"sale","11":"virtual","12":"taxable","13":"purchasable","14":"product-type-simple"},"acf":[],"_links":{"self":[{"href":"https:\/\/gaisabalons.lv\/lv\/wp-json\/wp\/v2\/product\/212","targetHints":{"allow":["GET"]}}],"collection":[{"href":"https:\/\/gaisabalons.lv\/lv\/wp-json\/wp\/v2\/product"}],"about":[{"href":"https:\/\/gaisabalons.lv\/lv\/wp-json\/wp\/v2\/types\/product"}],"wp:featuredmedia":[{"embeddable":true,"href":"https:\/\/gaisabalons.lv\/lv\/wp-json\/wp\/v2\/media\/71"}],"wp:attachment":[{"href":"https:\/\/gaisabalons.lv\/lv\/wp-json\/wp\/v2\/media?parent=212"}],"wp:term":[{"taxonomy":"product_brand","embeddable":true,"href":"https:\/\/gaisabalons.lv\/lv\/wp-json\/wp\/v2\/product_brand?post=212"},{"taxonomy":"product_cat","embeddable":true,"href":"https:\/\/gaisabalons.lv\/lv\/wp-json\/wp\/v2\/product_cat?post=212"},{"taxonomy":"product_tag","embeddable":true,"href":"https:\/\/gaisabalons.lv\/lv\/wp-json\/wp\/v2\/product_tag?post=212"}],"curies":[{"name":"wp","href":"https:\/\/api.w.org\/{rel}","templated":true}]}}