{"id":213,"date":"2024-06-10T20:50:19","date_gmt":"2024-06-10T20:50:19","guid":{"rendered":"https:\/\/balons.key-digital.lv\/?post_type=product&#038;p=213"},"modified":"2025-09-11T07:55:18","modified_gmt":"2025-09-11T07:55:18","slug":"romantiskais-lidojums-2-personam","status":"publish","type":"product","link":"https:\/\/gaisabalons.lv\/lv\/lidojumi\/romantiskais-lidojums-2-personam\/","title":{"rendered":"Romantiskais lidojums"},"content":{"rendered":"<p>Par pilotu neuztraucies \u2013 vi\u0146\u0161 dar\u012bs savu darbu. Tikm\u0113r j\u016bs, <strong>divi vien<\/strong>, izbaudiet romantiku, horizontu un mirk\u013cus, kas paliks atmi\u0146\u0101 v\u0113l ilgi.<\/p>\n<p>Tas ir \u012bpa\u0161s piedz\u012bvojums, neraugoties uz to, vai ar romantiku esat uz \u201ctu\u201d vai uz \u201cj\u016bs\u201d.<\/p>\n<p><strong>Cen\u0101 iek\u013cauts:<\/strong><\/p>\n<ul>\n<li>Lidojuma pl\u0101no\u0161ana, sazi\u0146a ar klientiem un gaisa balona nog\u0101d\u0101\u0161ana lidojuma starta viet\u0101;<\/li>\n<li>Pieredz\u0113jis pilots ar lidojumam un gaisa ku\u0123im atbilsto\u0161u kvalifik\u0101ciju un ties\u012bb\u0101m;<\/li>\n<li>Transports \u2013 klientu nog\u0101d\u0101\u0161ana no lidojuma beigu punkta atpaka\u013c l\u012bdz startam;<\/li>\n<li>Personaliz\u0113ts 1. lidojuma sertifik\u0101ts;<\/li>\n<li>Ritu\u0101ls &#8220;avi\u0101cijas dieviem&#8221;.<\/li>\n<\/ul>\n<p>&nbsp;<\/p>\n<p>Lidojuma cenu ietekm\u0113 izv\u0113l\u0113t\u0101 lidojuma lok\u0101cija un tas, vai lidojat darba dien\u0101 vai br\u012bvdien\u0101.<\/p>\n<p><em>Nor\u0101d\u012bt\u0101 cena ir par lidojumu div\u0101m person\u0101m!<\/em><\/p>\n","protected":false},"excerpt":{"rendered":"<p>Par pilotu neuztraucies \u2013 vi\u0146\u0161 dar\u012bs savu darbu. Tikm\u0113r j\u016bs, <strong>divi vien<\/strong>, izbaudiet romantiku, horizontu un mirk\u013cus.<\/p>\n","protected":false},"featured_media":214,"template":"","meta":{"_acf_changed":false,"iawp_total_views":2263},"product_brand":[],"product_cat":[19],"product_tag":[],"class_list":{"0":"post-213","1":"product","2":"type-product","3":"status-publish","4":"has-post-thumbnail","6":"product_cat-lidojumi-ar-gaisa-balonu","8":"first","9":"instock","10":"sale","11":"virtual","12":"sold-individually","13":"taxable","14":"purchasable","15":"product-type-simple"},"acf":[],"_links":{"self":[{"href":"https:\/\/gaisabalons.lv\/lv\/wp-json\/wp\/v2\/product\/213","targetHints":{"allow":["GET"]}}],"collection":[{"href":"https:\/\/gaisabalons.lv\/lv\/wp-json\/wp\/v2\/product"}],"about":[{"href":"https:\/\/gaisabalons.lv\/lv\/wp-json\/wp\/v2\/types\/product"}],"wp:featuredmedia":[{"embeddable":true,"href":"https:\/\/gaisabalons.lv\/lv\/wp-json\/wp\/v2\/media\/214"}],"wp:attachment":[{"href":"https:\/\/gaisabalons.lv\/lv\/wp-json\/wp\/v2\/media?parent=213"}],"wp:term":[{"taxonomy":"product_brand","embeddable":true,"href":"https:\/\/gaisabalons.lv\/lv\/wp-json\/wp\/v2\/product_brand?post=213"},{"taxonomy":"product_cat","embeddable":true,"href":"https:\/\/gaisabalons.lv\/lv\/wp-json\/wp\/v2\/product_cat?post=213"},{"taxonomy":"product_tag","embeddable":true,"href":"https:\/\/gaisabalons.lv\/lv\/wp-json\/wp\/v2\/product_tag?post=213"}],"curies":[{"name":"wp","href":"https:\/\/api.w.org\/{rel}","templated":true}]}}